{"id":712,"date":"2026-02-13T15:44:27","date_gmt":"2026-02-13T15:44:27","guid":{"rendered":"https:\/\/jennylacika.com\/home\/?page_id=712"},"modified":"2026-03-05T22:50:20","modified_gmt":"2026-03-05T22:50:20","slug":"la-sorpresa-cerulea-de-cesar-cesars-cerulean-surprise","status":"publish","type":"page","link":"https:\/\/jennylacika.com\/home\/books\/la-sorpresa-cerulea-de-cesar-cesars-cerulean-surprise\/","title":{"rendered":"LA SORPRESA CER\u00daLEA DE C\u00c9SAR \/ C\u00c9SAR&#8217;S CERULEAN SURPRISE"},"content":{"rendered":"\n<div class=\"wp-block-columns is-layout-flex wp-container-core-columns-is-layout-9d6595d7 wp-block-columns-is-layout-flex\">\n<div class=\"wp-block-column is-layout-flow wp-block-column-is-layout-flow\">\n<figure class=\"wp-block-image size-full\"><img loading=\"lazy\" decoding=\"async\" width=\"450\" height=\"450\" src=\"https:\/\/jennylacika.com\/wp-content\/uploads\/2026\/03\/LaSorpresaCeruleaDeCesar.jpg\" alt=\"Cover of La sorpresa cer\u00falea de C\u00e9sar \/ C\u00e9sar's Cerulean Surprise by Jenny Lacika, illustrated by Laura Sandoval Herrera, translated by Carlos E. Calvo, featuring young Chicana with a braid alongside a young Chicano holding a crayon. They are lying on their bellies on the floor, surrounded by paper and crayons. Their dog and a slice of birthday cake are also visible. The Storytelling Math series logo can be seen in the upper right corner.\" class=\"wp-image-717\" srcset=\"https:\/\/jennylacika.com\/wp-content\/uploads\/2026\/03\/LaSorpresaCeruleaDeCesar.jpg 450w, https:\/\/jennylacika.com\/wp-content\/uploads\/2026\/03\/LaSorpresaCeruleaDeCesar-300x300.jpg 300w, https:\/\/jennylacika.com\/wp-content\/uploads\/2026\/03\/LaSorpresaCeruleaDeCesar-150x150.jpg 150w\" sizes=\"auto, (max-width: 450px) 100vw, 450px\" \/><\/figure>\n<\/div>\n\n\n\n<div class=\"wp-block-column is-layout-flow wp-block-column-is-layout-flow\">\n<p style=\"font-size:34px\"><p style=\"font-size:34px; line-height:1.2\"><strong>La sorpresa cer\u00falea de C\u00e9sar \/ C\u00e9sar&#8217;s Cerulean Surprise<\/strong><\/p><\/p>\n\n\n\n<p>por Jenny Lacika<br>ilustrado por Laura Sandoval Herrera<br>traducido por Carlos E. Calvo<br>publicado por Charlesbridge Publishing <br>8 septiembre 2026 <br>Hardcover ISBN: 9781623544515<br>Paperback ISBN: 9781623544522<br>Ebook ISBN: 9781632894038<\/p>\n<\/div>\n<\/div>\n\n\n\n<p><strong>\u00a1AHORA BILING\u00dcE EN ESPA\u00d1OL E INGL\u00c9S! \u00a1Celebra la diversidad, las matem\u00e1ticas y el poder de la narraci\u00f3n!<br><br>Una serie de libros ilustrados de matem\u00e1ticas para preescolares y peques de guarder\u00eda con historias que reflejan experiencias infantiles cotidianas.<br><br><em>NOW IN BILINGUAL SPANISH-ENGLISH! Celebrate diversity, math, and the power of storytelling!<br><br>A math picture book series for preschoolers and kindergarteners with relatable stories that reflect little kids\u2019 everyday experience.<\/em><\/strong><\/p>\n\n\n\n<p>C\u00e9sar quiere que su hermanita Gabi le preste su nuevo cray\u00f3n cer\u00faleo. Sin embargo, Gabi no conoce ese color y \u00a1tampoco quiere que C\u00e9sar se lo muestre! En cambio, le hace preguntas de s\u00ed o no para descartar los otros crayones. Es como el juego de las 20 preguntas: divertido para Gabi, pero frustrante para C\u00e9sar.<\/p>\n\n\n\n<p>Explora la l\u00f3gica de una manera l\u00fadica con personajes chicanxs (mexicoamericanes) y con vocabulario de colores en espa\u00f1ol.<\/p>\n\n\n\n<p>Storytelling Math celebra a los ni\u00f1os que usan las matem\u00e1ticas en sus aventuras diarias mientras juegan, construyen y descubren el mundo que los rodea. Estas historias divertidas y sus actividades pr\u00e1cticas facilitan que los ni\u00f1os y los adultos exploren juntos las matem\u00e1ticas de la vida diaria. Han sido desarrolladas en colaboraci\u00f3n con expertos en matem\u00e1ticas de la organizaci\u00f3n sin fines de lucro TERC, que se especializa en las \u00e1reas de ciencia, tecnolog\u00eda, ingenier\u00eda y matem\u00e1ticas.<\/p>\n\n\n\n<p style=\"font-style:italic;font-weight:400\">C\u00e9sar&nbsp;wants to borrow his little sister Gabi\u2019s brand-new cerulean crayon. She doesn\u2019t know what color that is, though, and she won\u2019t let him show her! Instead, she asks him yes-no questions to rule out crayons. It\u2019s like a game of 20 Questions\u2014fun for Gabi and frustrating for&nbsp;C\u00e9sar!<\/p>\n\n\n\n<p style=\"font-style:italic;font-weight:400\">A&nbsp;playful exploration of logic featuring Chicanx (Mexican American) characters and Spanish color words.&nbsp;<\/p>\n\n\n\n<p style=\"font-style:italic;font-weight:400\">Storytelling Math celebrates children using math in their daily adventures as they play, build, and discover the world around them. Joyful stories and hands-on activities make it easy for kids and their grown-ups to explore everyday math together. Developed in collaboration with math experts at STEM education nonprofit TERC.<\/p>\n\n\n\n<p class=\"has-text-align-center\" style=\"font-size:18px\"><a href=\"https:\/\/cdn.shopify.com\/s\/files\/1\/0750\/0101\/files\/stm-cesars-cerulean-surprise-activity-guide.pdf?v=1762549353\">Download Activity Guide (English)<\/a><\/p>\n\n\n\n<p class=\"has-text-align-center\" style=\"font-size:18px\"><a href=\"https:\/\/www.penguinrandomhouse.com\/books\/808385\/la-sorpresa-cerulea-de-cesar--cesars-cerulean-surprise-spanish-bilingual-edition-by-jenny-lacika-author-laura-sandoval-herrera-illustrator-carlos-e-calvo-translator\/9781623544515\/\">Ordene Aqu\u00ed \/ Order Here<\/a><\/p>\n","protected":false},"excerpt":{"rendered":"<p>La sorpresa cer\u00falea de C\u00e9sar \/ C\u00e9sar&#8217;s Cerulean Surprise por Jenny Lacikailustrado por Laura Sandoval Herreratraducido por Carlos E. Calvopublicado por Charlesbridge Publishing 8 septiembre 2026 Hardcover ISBN: 9781623544515Paperback ISBN: 9781623544522Ebook ISBN: 9781632894038 \u00a1AHORA BILING\u00dcE EN ESPA\u00d1OL E INGL\u00c9S! \u00a1Celebra la diversidad, las matem\u00e1ticas y el poder de la narraci\u00f3n! Una serie de libros ilustrados&#8230;<\/p>\n","protected":false},"author":1,"featured_media":0,"parent":17,"menu_order":0,"comment_status":"closed","ping_status":"closed","template":"","meta":{"footnotes":""},"class_list":["post-712","page","type-page","status-publish","hentry"],"_links":{"self":[{"href":"https:\/\/jennylacika.com\/home\/wp-json\/wp\/v2\/pages\/712","targetHints":{"allow":["GET"]}}],"collection":[{"href":"https:\/\/jennylacika.com\/home\/wp-json\/wp\/v2\/pages"}],"about":[{"href":"https:\/\/jennylacika.com\/home\/wp-json\/wp\/v2\/types\/page"}],"author":[{"embeddable":true,"href":"https:\/\/jennylacika.com\/home\/wp-json\/wp\/v2\/users\/1"}],"replies":[{"embeddable":true,"href":"https:\/\/jennylacika.com\/home\/wp-json\/wp\/v2\/comments?post=712"}],"version-history":[{"count":5,"href":"https:\/\/jennylacika.com\/home\/wp-json\/wp\/v2\/pages\/712\/revisions"}],"predecessor-version":[{"id":764,"href":"https:\/\/jennylacika.com\/home\/wp-json\/wp\/v2\/pages\/712\/revisions\/764"}],"up":[{"embeddable":true,"href":"https:\/\/jennylacika.com\/home\/wp-json\/wp\/v2\/pages\/17"}],"wp:attachment":[{"href":"https:\/\/jennylacika.com\/home\/wp-json\/wp\/v2\/media?parent=712"}],"curies":[{"name":"wp","href":"https:\/\/api.w.org\/{rel}","templated":true}]}}