{"id":510,"date":"2024-10-20T23:43:35","date_gmt":"2024-10-20T23:43:35","guid":{"rendered":"https:\/\/jennylacika.com\/home\/?page_id=510"},"modified":"2026-03-05T22:11:27","modified_gmt":"2026-03-05T22:11:27","slug":"el-tesoro-de-bayas-de-beto","status":"publish","type":"page","link":"https:\/\/jennylacika.com\/home\/books\/el-tesoro-de-bayas-de-beto\/","title":{"rendered":"EL TESORO DE BAYAS DE BETO \/ BETO&#8217;S BERRY TREASURE"},"content":{"rendered":"\n<div class=\"wp-block-columns is-layout-flex wp-container-core-columns-is-layout-9d6595d7 wp-block-columns-is-layout-flex\">\n<div class=\"wp-block-column is-layout-flow wp-block-column-is-layout-flow\">\n<figure class=\"wp-block-image size-full\"><img loading=\"lazy\" decoding=\"async\" width=\"951\" height=\"950\" src=\"https:\/\/jennylacika.com\/wp-content\/uploads\/2024\/10\/BetoCover.jpg\" alt=\"Cover of El tesoro de bayas de Beto \/ Beto's Berry Treasure by Jenny Lacika and Addy Rivera Sonda, translated by Carlos E. Calvo featuring a young Chicana with braids and a tough expression alongside a young Chicano with glasses, a tea cup, and a map. They are outside with a treasure chest and trees in the background. The Storytelling Math series logo can be seen in the upper right corner.\" class=\"wp-image-532\" srcset=\"https:\/\/jennylacika.com\/wp-content\/uploads\/2024\/10\/BetoCover.jpg 951w, https:\/\/jennylacika.com\/wp-content\/uploads\/2024\/10\/BetoCover-300x300.jpg 300w, https:\/\/jennylacika.com\/wp-content\/uploads\/2024\/10\/BetoCover-150x150.jpg 150w, https:\/\/jennylacika.com\/wp-content\/uploads\/2024\/10\/BetoCover-768x767.jpg 768w, https:\/\/jennylacika.com\/wp-content\/uploads\/2024\/10\/BetoCover-850x849.jpg 850w\" sizes=\"auto, (max-width: 951px) 100vw, 951px\" \/><\/figure>\n<\/div>\n\n\n\n<div class=\"wp-block-column is-layout-flow wp-block-column-is-layout-flow\">\n<div class=\"wp-block-group\"><div class=\"wp-block-group__inner-container is-layout-constrained wp-block-group-is-layout-constrained\">\n<p style=\"font-size:34px; line-height:1.2\"><strong>El tesoro de bayas de Beto \/ Beto&#8217;s Berry Treasure<\/strong><\/p>\n<\/div><\/div>\n\n\n\n<p>por Jenny Lacika<br>ilustrado por Addy Rivera Sonda<br>traducido por Carlos E. Calvo<br>publicado por Charlesbridge Publishing <br>24 junio 2025 <br>Hardcover ISBN: 9781623544492<br>Paperback ISBN: 9781623544508<br>Ebook ISBN: 9781632894021<\/p>\n<\/div>\n<\/div>\n\n\n\n<p><strong>\u00a1Celebremos la diversidad, las matem\u00e1ticas y el poder del cuento!<\/strong><\/p>\n\n\n\n<p><em><strong>Celebrate diversity, math, and the power of storytelling! <\/strong><\/em><\/p>\n\n\n\n<p>Beto quiere jugar con Cora, su hermana mayor. Para convencerla, Beto hace un mapa para llegar hasta un delicioso tesoro escondido. \u00a1Pero Cora va por el camino equivocado! \u00bfPor qu\u00e9 Cora va por ese camino? \u00bfPodr\u00e1 llegar al tesoro antes de que Beto se lo coma todo?<\/p>\n\n\n\n<p><em>Beto wants to play tea party with Cora, but his big sister just wants to be a pirate. To get Cora on board, Beto makes a map to a delicious hidden treasure. But Cora ends up in the wrong place! Will Cora find the treasure before Beto eats it all? A playful exploration of mapping, featuring Chicanx (Mexican American) characters and a glossary of Spanish words.<\/em><\/p>\n\n\n\n<p>Los libros de la serie Cuentos matem\u00e1ticos celebran las aventuras diarias de ni\u00f1os que usan las matem\u00e1ticas mientras juegan, construyen y descubren el mundo que los rodea. Historias divertidas y actividades pr\u00e1cticas facilitan que tanto los ni\u00f1os como los adultos exploren juntos&nbsp; las matem\u00e1ticas de la vida diaria. Fue desarrollada junto a expertos en el curr\u00edculum STEM, pertenecientes a TERC Inc., organizaci\u00f3n sin fines de lucro, bajo una subvenci\u00f3n otorgada por Heising-Simons Foundation.<\/p>\n\n\n\n<p><em><a href=\"https:\/\/www.charlesbridge.com\/pages\/storytelling-math-series\">Storytelling Math<\/a> celebrates children using math in their daily adventures as they play, build, and discover the world around them. Joyful stories and hands-on activities make it easy for kids and their grown-ups to explore everyday math together. Developed in collaboration with math experts at STEM education nonprofit TERC, under a grant from the Heising-Simons Foundation.<\/em><\/p>\n\n\n\n<p class=\"has-text-align-center\" style=\"font-size:18px\"><a href=\"https:\/\/cdn.shopify.com\/s\/files\/1\/0750\/0101\/files\/again-essie-activity-guide.pdf?v=1651756385\">Dow<\/a><a href=\"https:\/\/cdn.shopify.com\/s\/files\/1\/0750\/0101\/files\/betos-berry-treasure-activity-kit.pdf?v=1727290952\">nload Activity Guide (English)<\/a><\/p>\n\n\n\n<p class=\"has-text-align-center\" style=\"font-size:18px\"><a href=\"https:\/\/cdn.shopify.com\/s\/files\/1\/0750\/0101\/files\/stm-spanish-betos-berry-treasure-activity-kit.pdf?v=1738173712\">Download Activity Guide (Spanish)<\/a><\/p>\n\n\n\n<p class=\"has-text-align-center\" style=\"font-size:18px\"><a href=\"https:\/\/www.penguinrandomhouse.com\/books\/773569\/el-tesoro-de-bayas-de-beto--betos-berry-treasure-by-jenny-lacika-author-addy-rivera-sonda-illustrator\/9781623544492\/\">Ordene Aqu\u00ed \/ Order Here<\/a><\/p>\n","protected":false},"excerpt":{"rendered":"<p>El tesoro de bayas de Beto \/ Beto&#8217;s Berry Treasure por Jenny Lacikailustrado por Addy Rivera Sondatraducido por Carlos E. Calvopublicado por Charlesbridge Publishing 24 junio 2025 Hardcover ISBN: 9781623544492Paperback ISBN: 9781623544508Ebook ISBN: 9781632894021 \u00a1Celebremos la diversidad, las matem\u00e1ticas y el poder del cuento! Celebrate diversity, math, and the power of storytelling! Beto quiere jugar&#8230;<\/p>\n","protected":false},"author":1,"featured_media":0,"parent":17,"menu_order":0,"comment_status":"closed","ping_status":"closed","template":"","meta":{"footnotes":""},"class_list":["post-510","page","type-page","status-publish","hentry"],"_links":{"self":[{"href":"https:\/\/jennylacika.com\/home\/wp-json\/wp\/v2\/pages\/510","targetHints":{"allow":["GET"]}}],"collection":[{"href":"https:\/\/jennylacika.com\/home\/wp-json\/wp\/v2\/pages"}],"about":[{"href":"https:\/\/jennylacika.com\/home\/wp-json\/wp\/v2\/types\/page"}],"author":[{"embeddable":true,"href":"https:\/\/jennylacika.com\/home\/wp-json\/wp\/v2\/users\/1"}],"replies":[{"embeddable":true,"href":"https:\/\/jennylacika.com\/home\/wp-json\/wp\/v2\/comments?post=510"}],"version-history":[{"count":20,"href":"https:\/\/jennylacika.com\/home\/wp-json\/wp\/v2\/pages\/510\/revisions"}],"predecessor-version":[{"id":753,"href":"https:\/\/jennylacika.com\/home\/wp-json\/wp\/v2\/pages\/510\/revisions\/753"}],"up":[{"embeddable":true,"href":"https:\/\/jennylacika.com\/home\/wp-json\/wp\/v2\/pages\/17"}],"wp:attachment":[{"href":"https:\/\/jennylacika.com\/home\/wp-json\/wp\/v2\/media?parent=510"}],"curies":[{"name":"wp","href":"https:\/\/api.w.org\/{rel}","templated":true}]}}